{"id":907,"date":"2009-11-19T09:29:21","date_gmt":"2009-11-19T14:29:21","guid":{"rendered":"http:\/\/richardaseguin.com\/fra\/?page_id=22"},"modified":"2015-02-05T16:20:44","modified_gmt":"2015-02-05T15:20:44","slug":"chants-de-pierre","status":"publish","type":"page","link":"http:\/\/richardaseguin.com\/fra\/?page_id=907","title":{"rendered":"Chants de pierre"},"content":{"rendered":"<p>&nbsp;<\/p>\n<p>&nbsp;<\/p>\n<p>&nbsp;<\/p>\n<p><a href=\"http:\/\/richardaseguin.com\/fra\/wp-content\/uploads\/2009\/11\/chants-pierre_600recto.jpg\" target=\"_blank\"><img loading=\"lazy\" decoding=\"async\" class=\"size-full wp-image-118 alignnone\" style=\"margin: 0px 30px 20px 0px;\" title=\"Chants de pierre recto\" src=\"http:\/\/richardaseguin.com\/fra\/wp-content\/uploads\/2009\/11\/chants-pierre_200recto.jpg\" alt=\"chants-pierre_200recto\" width=\"207\" height=\"200\" \/><\/a><img loading=\"lazy\" decoding=\"async\" style=\"margin: 0px 80px 20px 0px;\" title=\"Chants de pierre verso\" src=\"http:\/\/richardaseguin.com\/fra\/wp-content\/uploads\/2009\/11\/chants-pierre_200verso.jpg\" alt=\"chants-pierre_200verso\" width=\"207\" height=\"200\" \/><\/p>\n<p>\u00c9coutez Richard jouer \u00ab\u00a0Le m\u00eame r\u00eave (Mauve)\u00a0\u00bb en cliquant sur ce lien:<\/p>\n<p><iframe loading=\"lazy\" title=\"Mauve\" width=\"500\" height=\"375\" src=\"https:\/\/www.youtube.com\/embed\/oxNbb8NfFfc?feature=oembed\" frameborder=\"0\" allow=\"accelerometer; autoplay; clipboard-write; encrypted-media; gyroscope; picture-in-picture; web-share\" referrerpolicy=\"strict-origin-when-cross-origin\" allowfullscreen><\/iframe><\/p>\n<p><strong>La fanfare \u00e9gar\u00e9e<\/strong> \u2014 J\u2019ai appris les rudiments de la musique \u00e0 l\u2019\u00e2ge de 10 ans en jouant de l\u2019alto dans la <a href=\"http:\/\/richardaseguin.com\/fra\/wp-content\/uploads\/2009\/11\/fanfare.jpg\" target=\"_blank\">Fanfare de Rockland<\/a>. Fond\u00e9e en 1905, la fanfare, qui est maintenant chose du pass\u00e9, a toujours \u00e9t\u00e9 une source de fiert\u00e9 pour le village et pour tous les musiciens qui y ont particip\u00e9. La guitare est accord\u00e9e en D (DADF # AD).<\/p>\n<p><strong>Le soleil se l\u00e8ve sur les toits de Taro<\/strong> \u2014 Une pi\u00e8ce en trois parties pour deux guitares jou\u00e9es par une personne. On appelle \u00ab Taro \u00bb la partie est de la ville de Rockland, nom qui vient de l\u2019expression \u00ab Tar Road \u00bb, et qui d\u00e9note bien la classe ouvri\u00e8re de ses habitants. Un de mes premiers souvenirs d\u2019enfance : le soleil rouge se levant sur les toits des maisons de l\u2019autre bord de la rue principale et, en hiver, la fum\u00e9e verticale des chemin\u00e9es montant dans le ciel.<\/p>\n<p><strong>Chanson pour regarder les chars passer<\/strong> \u2014 Dans certains petits villages, il existe deux sortes de personnes \u2013 celles qui \u00ab cruisent la rue Main \u00bb dans leurs chars et celles qui sont assises sur le perron en train de regarder les personnes qui \u00ab cruisent la rue Main \u00bb dans leurs chars. Cette pi\u00e8ce est pour Doc Watson, qui m\u2019a enseign\u00e9 le respect de la tradition \u00e0 travers ses enregistrements.<\/p>\n<p><strong>Distances<\/strong> \u2014 Comme la majorit\u00e9 des r\u00e9sidents de <a href=\"http:\/\/richardaseguin.com\/fra\/wp-content\/uploads\/2009\/11\/distances.jpg\" target=\"_blank\">Rockland<\/a>, j\u2019ai d\u00fb faire la navette entre Rockland et Ottawa pendant des ann\u00e9es pour gagner mon pain. \u00c0 la longue, la route dispara\u00eet dans un genre de brouillard de cerveau. La guitare est accord\u00e9e en A (EAC # EAE).<\/p>\n<p><strong>Aristocrate en guenilles<\/strong> \u2014 Un jeux de mots avec rag (guenille). Comme plusieurs guitaristes, je me suis inspir\u00e9 de la musique de Scott Joplin, qu\u2019on appelait \u00ab ragged time \u00bb, \u00ab rag time \u00bb, ou tout simplement \u00ab rag \u00bb \u00e0 cause de son tempo syncop\u00e9.<\/p>\n<p><a href=\"http:\/\/richardaseguin.com\/fra\/wp-content\/uploads\/2009\/11\/paysan.jpg\" target=\"_blank\"><strong>Paysan<\/strong><\/a> \u2014 Sortez vos bottines ! Pour le Reverend Gary Davis, un sorcier de la guitare qui a r\u00e9ussi le meilleur enregistrement du 20e si\u00e8cle, l\u2019incroyable Cincinnati Flow Rag. Au d\u00e9but du si\u00e8cle, certaines communaut\u00e9s existaient dans un isolement culturel complet, ce qui a permis \u00e0 des musiciens comme Gary Davis et Joseph Spence des Bahamas de cr\u00e9er un style de guitare tout \u00e0 fait unique. Cet isolement culturel me fait beaucoup penser aux Franco-ontariens, et surtout \u00e0 la g\u00e9n\u00e9ration de nos grands-parents, les derniers vrais paysans. La guitare est accord\u00e9e en C (CGCGCE).<\/p>\n<p><strong>Les marionnettes<\/strong> \u2014 Le son de bo\u00eete \u00e0 musique vient d\u2019une guitare \u00ab \u00e0 hautes cordes \u00bb. Les deux premi\u00e8res cordes (E-B) de la guitare sont des cordes ordinaires, accord\u00e9es comme d\u2019habitude, mais les quatre autres (E-A-D-G) sont des cordes de plus petit calibre accord\u00e9es une octave plus haute que d\u2019habitude. La troisi\u00e8me corde (une 5e corde de banjo) est donc un ton et demi plus \u00e9lev\u00e9 que la premi\u00e8re. J\u2019ai toujours voulu avoir une vraie bo\u00eete \u00e0 musique qui jouerait cette m\u00e9lodie, mais je n\u2019ai jamais r\u00e9ussi \u00e0 trouver quelqu\u2019un qui en construit.<\/p>\n<p><strong>L\u2019innocent du village<\/strong> \u2014 Une autre pi\u00e8ce \u00e0 bottines. Infiniment plus int\u00e9ressants que les villes, les villages sont pleins de personnages uniques et semblent toujours compter au moins un innocent en r\u00e9sidence. Rockland en avait deux ou trois. En ville, il y a des innocents \u00e0 tous les coins de rues.<\/p>\n<p><strong>Nostalgie pour un piano m\u00e9canique<\/strong> \u2014 Un genre de \u00ab rag \u00bb boiteux. Au d\u00e9but du si\u00e8cle, la musique de Scott Joplin, qui a pr\u00e9c\u00e9d\u00e9 les premiers enregistrements, n\u2019\u00e9tait disponible qu\u2019en feuilles ou en rouleaux pour les pianos m\u00e9caniques.<\/p>\n<p><strong>Concert des corneilles<\/strong> \u2014 Dans le monde de la musique populaire, il y a des serins et il y a les <a href=\"http:\/\/richardaseguin.com\/fra\/wp-content\/uploads\/2009\/11\/corneilles.jpg\" target=\"_blank\">corneilles<\/a>. \u00c7a n\u2019a pas chang\u00e9 depuis les ann\u00e9es 50. Comme dans notre monde, les corneilles n\u2019ont jamais \u00e9t\u00e9 bien populaires, ce qui explique pourquoi certaines corneilles sont maintenant devenus serins. Cette pi\u00e8ce est pour les corneilles Jerry Lee Lewis, Captain Beefheart, Graham Parker et Richard Thompson. La guitare est accord\u00e9e en C (CGCGCE).<\/p>\n<p><strong>Blues du temps pass\u00e9<\/strong> \u2014 Une pi\u00e8ce-compagne pour \u00ab Les derniers \u00e0 partir \u00bb, sur le microsillon Rumeurs dans la basse-cour. Le temps en question est celui que j\u2019ai perdu dans les bars et les tavernes, quand j\u2019\u00e9tais jeune et en col\u00e8re.<\/p>\n<p><strong>La sueur de nos fronts<\/strong> \u2014 Un blues pour mon p\u00e8re, <a href=\"http:\/\/richardaseguin.com\/fra\/wp-content\/uploads\/2009\/11\/rene.jpg\" target=\"_blank\">Jean-Ren\u00e9 S\u00e9guin<\/a> et pour tous les ouvriers. Comme plusieurs Franco-ontariens de sa g\u00e9n\u00e9ration, mon p\u00e8re est devenu ouvrier par n\u00e9cessit\u00e9. Avec peu d\u2019\u00e9ducation et une famille \u00e0 faire vivre (on \u00e9tait neuf avec p\u00e9p\u00e8re Villeneuve), il a travaill\u00e9 fort toute sa vie et est mort trop jeune. La guitare est accord\u00e9e en D (DADF # AD).<\/p>\n<p><strong>P\u00e9p\u00e8re Villeneuve<\/strong> \u2014 Au d\u00e9c\u00e8s de mon grand-p\u00e8re maternel en 1915, ma grand-m\u00e8re a d\u00e9m\u00e9nag\u00e9 sa famille de Cache Bay (au nord de l\u2019Ontario) \u00e0 Rockland. Elle y rencontre un veuf nomm\u00e9 Alphonse Villeneuve dit Amyot, qu\u2019elle \u00e9pouse. Apr\u00e8s la mort de ma grand-m\u00e8re en 1947, p\u00e9p\u00e8re Villeneuve vit avec notre famille jusqu\u2019\u00e0 son d\u00e9c\u00e8s en 1960, \u00e0 l\u2019\u00e2ge de 95 ans. Un vrai ch\u00eane silencieux, p\u00e9p\u00e8re est l\u2019une des personnes qui a le plus marqu\u00e9 mon enfance. Un peu dans le style de Mississippi John Hurt, la pi\u00e8ce rend aussi hommage \u00e0 ce guitariste qui m\u2019a beaucoup influenc\u00e9. La guitare est accord\u00e9e en C (CGCGCE).<\/p>\n<p><strong>Jamais connus<\/strong> \u2014 Une composition plus r\u00e9cente pour mes <a href=\"http:\/\/richardaseguin.com\/fra\/wp-content\/uploads\/2009\/11\/jamais.jpg\" target=\"_blank\">grands-parents<\/a> maternels, Antoine Comtois et Rosa B\u00e9dard. La guitare est accord\u00e9e en D (DADF # AD).<\/p>\n<p><strong><a href=\"http:\/\/richardaseguin.com\/fra\/wp-content\/uploads\/2009\/11\/automne.jpg\" target=\"_blank\">Blues d\u2019automne<\/a><\/strong> \u2014 Un hommage au guitariste accompli Bert Jansch, une autre grande influence. La guitare est accord\u00e9e en C mineur (CGCGCE b).<\/p>\n<p><strong>Richard f\u00eate ses dix ans<\/strong> \u2014 Un pi\u00e8ce-compagne pour \u00ab Quand j\u2019\u00e9tais p\u2019tit \u00bb, sur le microsillon Rumeurs dans la basse-cour. Mon enfance fut une p\u00e9riode de grand bonheur et d\u2019\u00e9merveillement, p\u00e9riode qui a pris fin avec la mort de mon fr\u00e8re <a href=\"http:\/\/richardaseguin.com\/fra\/wp-content\/uploads\/2009\/11\/10-ans.jpg\" target=\"_blank\">Gabriel<\/a> en 1959. Il avait 23 ans et j\u2019en avais 9, d\u2019o\u00f9 vient le titre. La guitare est accord\u00e9e en D (DADF # AD).<\/p>\n<p><strong>Champ de pierres<\/strong> \u2014 Le titre vient, en partie, d\u2019une vieille histoire que p\u00e9p\u00e8re Villeneuve racontait selon laquelle le cur\u00e9 de Rigaud, enrag\u00e9 par un cultivateur qui travaillait le dimanche, aurait chang\u00e9 son champs de patates en <a href=\"http:\/\/richardaseguin.com\/fra\/wp-content\/uploads\/2009\/11\/champ.jpg\" target=\"_blank\">champs de pierres<\/a>. Le titre vient aussi d\u2019un exp\u00e9rience que j\u2019ai v\u00e9cue un jour lorsque je travaillais comme arpenteur. Il faisait un soleil de plomb et je me suis repos\u00e9 le midi \u00e0 l\u2019ombre d\u2019un arbre. Avec le chant des cigales qui me remplissait les oreilles, le champs de pierres \u00e0 mes pieds est disparu dans une r\u00eaverie. Cette pi\u00e8ce m\u2019est venue une fois rentr\u00e9 \u00e0 la maison. \u00c0 la fin, vous entendez mon interpr\u00e9tation du carillon de la paroisse de la Tr\u00e8s-Sainte-Trinit\u00e9 de Rockland. La guitare est accord\u00e9e en A (EAC # EAE). Pour Leo Kottke, le guitariste-compositeur complet.<\/p>\n<p><strong>Le m\u00eame r\u00eave<\/strong> (Mauve) \u2014 Une pi\u00e8ce plus r\u00e9cente, compos\u00e9e pour \u00ab Mauve \u00bb, un c\u00e9d\u00e9rom interactif pour les adolescents en situation de crise. \u00ab Mauve \u00bb est une production de Pentafolio Multimedia, de Clarence Creek, et est r\u00e9cipiendaire d&rsquo;un prix de l\u2019Association for Media and Technology in Education in Canada et aussi du Festival international du multim\u00e9dia et de la vid\u00e9o sant\u00e9.<\/p>\n","protected":false},"excerpt":{"rendered":"<p>&nbsp; &nbsp; &nbsp; \u00c9coutez Richard jouer \u00ab\u00a0Le m\u00eame r\u00eave (Mauve)\u00a0\u00bb en cliquant sur ce lien: La fanfare \u00e9gar\u00e9e \u2014 J\u2019ai appris les rudiments de la musique \u00e0 l\u2019\u00e2ge de 10 ans en jouant de l\u2019alto dans la Fanfare de Rockland. Fond\u00e9e en 1905, la fanfare, qui est maintenant chose du pass\u00e9, a toujours \u00e9t\u00e9 une [&hellip;]<\/p>\n","protected":false},"author":1,"featured_media":0,"parent":906,"menu_order":3,"comment_status":"closed","ping_status":"closed","template":"page_static.php","meta":{"footnotes":""},"_links":{"self":[{"href":"http:\/\/richardaseguin.com\/fra\/index.php?rest_route=\/wp\/v2\/pages\/907"}],"collection":[{"href":"http:\/\/richardaseguin.com\/fra\/index.php?rest_route=\/wp\/v2\/pages"}],"about":[{"href":"http:\/\/richardaseguin.com\/fra\/index.php?rest_route=\/wp\/v2\/types\/page"}],"author":[{"embeddable":true,"href":"http:\/\/richardaseguin.com\/fra\/index.php?rest_route=\/wp\/v2\/users\/1"}],"replies":[{"embeddable":true,"href":"http:\/\/richardaseguin.com\/fra\/index.php?rest_route=%2Fwp%2Fv2%2Fcomments&post=907"}],"version-history":[{"count":1,"href":"http:\/\/richardaseguin.com\/fra\/index.php?rest_route=\/wp\/v2\/pages\/907\/revisions"}],"predecessor-version":[{"id":1075,"href":"http:\/\/richardaseguin.com\/fra\/index.php?rest_route=\/wp\/v2\/pages\/907\/revisions\/1075"}],"up":[{"embeddable":true,"href":"http:\/\/richardaseguin.com\/fra\/index.php?rest_route=\/wp\/v2\/pages\/906"}],"wp:attachment":[{"href":"http:\/\/richardaseguin.com\/fra\/index.php?rest_route=%2Fwp%2Fv2%2Fmedia&parent=907"}],"curies":[{"name":"wp","href":"https:\/\/api.w.org\/{rel}","templated":true}]}}