{"id":905,"date":"2009-11-03T14:45:53","date_gmt":"2009-11-03T19:45:53","guid":{"rendered":"http:\/\/richardaseguin.com\/fra\/?page_id=12"},"modified":"2009-11-03T14:45:53","modified_gmt":"2009-11-03T19:45:53","slug":"les-origines-2","status":"publish","type":"page","link":"https:\/\/richardaseguin.com\/fra\/?page_id=905","title":{"rendered":"Les origines"},"content":{"rendered":"<h3>La vraie histoire<\/h3>\n<p>En 1978 et 1979, quand j\u2019\u00e9tais un jeune homme, j\u2019ai compos\u00e9 les 25 pi\u00e8ces sur les deux disques de \u00ab\u00a0<a href=\"http:\/\/richardaseguin.com\/fra\/discographie\/eau-de-source\/\" target=\"_self\">Eau de source<\/a> \u00bb et 16 des 18 pi\u00e8ces du CD \u00ab\u00a0<a href=\"http:\/\/richardaseguin.com\/fra\/discographie\/chants-de-pierre\/\" target=\"_self\">Chants de pierre<\/a>.\u00a0\u00bb Par contre, ce projet a \u00e9t\u00e9 con\u00e7u quand j\u2019avais huit ou neuf ans.<\/p>\n<p>Nous \u00e9tions des voisins, des cousins, des fr\u00e8res. Nous \u00e9tions jeunes et nous passions nos journ\u00e9es d\u2019\u00e9t\u00e9 dans le bois qui sillonnait le village \u00e0 cette \u00e9poque, libres comme des vikings conqu\u00e9rants. Derri\u00e8re chez-nous, dans un creux humide et frais, il y avait une falaise de roc, la pierre formant un escalier qui grimpait la face de la muraille. En haut, on traversait un rideau de c\u00e8dres pour arriver sur un plateau de ch\u00eanes, d\u2019\u00e9rables et de soleil, le royaume des li\u00e8vres et des corneilles.<\/p>\n<p>Au pied de la falaise, il y avait une source qui coulait hiver comme \u00e9t\u00e9, son eau claire jallissant de la pierre, d\u00e9licieuse et presque trop froide. Cette source \u00e9tait notre tr\u00e9sor, le centre d\u2019un monde parfait plein d\u2019espaces qui habitait dans nos c\u0153urs comme un secret.<\/p>\n<p>\u00c9lev\u00e9 dans le mysticisme de la religion catholique, toutes les choses vivantes de ce monde myst\u00e9rieux me semblaient apparent\u00e9es. Le ch\u00eane \u00e9tait mon grand-p\u00e8re Villeneuve, sa peau d\u2019\u00e9corce, son silence, sa sagesse et sa force. Et puisque les enfants chez-nous se tenaient \u00e0 une distance respectueuse de la pr\u00e9sence intimidante de mon grand-p\u00e8re, je me rachetais en tentant d\u2019encercler ce ch\u00eane de mes petits bras, avec l\u2019espoir et la pri\u00e8re que cette force et cette sagesse circuleraient comme une s\u00e8ve dans mes veines.<\/p>\n<p>Et dans le silence de la nuit, \u00e0 quelques cents verges de nos lits, la source coulait pendant que nous sommeillions.<\/p>\n<p>\u00c0 huit ans, ma foi \u00e9tait que chaque chose vivante de mon monde poss\u00e9dait un esprit qui habitait le m\u00eame espace, mais un autre univers. Quand j\u2019ai compos\u00e9 les pi\u00e8ces de \u00ab\u00a0Eau de source\u00a0\u00bb et \u00ab\u00a0Chants de pierre\u00a0\u00bb, c\u2019\u00e9tait comme si je traduisait les esprits de ces choses en musique, pour leur permettre de passer de leur univers au n\u00f4tre.<\/p>\n<p>Aujourd\u2019hui, je crois toujours que toutes les choses vivantes de ce monde sont apparent\u00e9s\u00a0: le ch\u00eane et l\u2019\u00e9rable, le li\u00e8vre et la corneille, l\u2019eau et la pierre.<\/p>\n","protected":false},"excerpt":{"rendered":"<p>La vraie histoire En 1978 et 1979, quand j\u2019\u00e9tais un jeune homme, j\u2019ai compos\u00e9 les 25 pi\u00e8ces sur les deux disques de \u00ab\u00a0Eau de source \u00bb et 16 des 18 pi\u00e8ces du CD \u00ab\u00a0Chants de pierre.\u00a0\u00bb Par contre, ce projet a \u00e9t\u00e9 con\u00e7u quand j\u2019avais huit ou neuf ans. Nous \u00e9tions des voisins, des cousins, [&hellip;]<\/p>\n","protected":false},"author":1,"featured_media":0,"parent":0,"menu_order":1,"comment_status":"closed","ping_status":"closed","template":"page_static.php","meta":{"footnotes":""},"_links":{"self":[{"href":"https:\/\/richardaseguin.com\/fra\/index.php?rest_route=\/wp\/v2\/pages\/905"}],"collection":[{"href":"https:\/\/richardaseguin.com\/fra\/index.php?rest_route=\/wp\/v2\/pages"}],"about":[{"href":"https:\/\/richardaseguin.com\/fra\/index.php?rest_route=\/wp\/v2\/types\/page"}],"author":[{"embeddable":true,"href":"https:\/\/richardaseguin.com\/fra\/index.php?rest_route=\/wp\/v2\/users\/1"}],"replies":[{"embeddable":true,"href":"https:\/\/richardaseguin.com\/fra\/index.php?rest_route=%2Fwp%2Fv2%2Fcomments&post=905"}],"version-history":[{"count":0,"href":"https:\/\/richardaseguin.com\/fra\/index.php?rest_route=\/wp\/v2\/pages\/905\/revisions"}],"wp:attachment":[{"href":"https:\/\/richardaseguin.com\/fra\/index.php?rest_route=%2Fwp%2Fv2%2Fmedia&parent=905"}],"curies":[{"name":"wp","href":"https:\/\/api.w.org\/{rel}","templated":true}]}}