{"id":909,"date":"2009-11-19T09:32:01","date_gmt":"2009-11-19T14:32:01","guid":{"rendered":"http:\/\/richardaseguin.com\/fra\/?page_id=27"},"modified":"2009-11-19T09:32:01","modified_gmt":"2009-11-19T14:32:01","slug":"rumeurs-dans-la-basse-cour","status":"publish","type":"page","link":"https:\/\/richardaseguin.com\/fra\/?page_id=909","title":{"rendered":"Rumeurs dans la basse-cour"},"content":{"rendered":"<p><a href=\"http:\/\/richardaseguin.com\/fra\/wp-content\/uploads\/2009\/11\/rumeurs_600recto.jpg\" target=\"_blank\"><img loading=\"lazy\" decoding=\"async\" class=\"alignleft size-full wp-image-113\" style=\"margin: 0px 30px 30px 0px;\" title=\"Rumeurs dans la basse-cour recto\" src=\"http:\/\/richardaseguin.com\/fra\/wp-content\/uploads\/2009\/11\/rumeurs_200recto.jpg\" alt=\"rumeurs_200recto\" width=\"206\" height=\"200\" \/><\/a><a href=\"http:\/\/richardaseguin.com\/fra\/wp-content\/uploads\/2009\/11\/rumeurs_600verso.jpg\" target=\"_blank\"><img loading=\"lazy\" decoding=\"async\" class=\"size-full wp-image-114 alignleft\" style=\"margin: 0px 100px 30px 0px;\" title=\"Rumeurs dans la basse-cour verso\" src=\"http:\/\/richardaseguin.com\/fra\/wp-content\/uploads\/2009\/11\/rumeurs_200verso.jpg\" alt=\"rumeurs_200verso\" width=\"206\" height=\"200\" \/><\/a><\/p>\n<p>Nous sommes \u00e9lev\u00e9s par la participation de Manu (Jean-Emmanuel Allard) et ses plumes magiques, qui nous offre une pochette exceptionnelle, pleine de surprises \u00e0 l&rsquo;int\u00e9rieur. Deux amis, Roch Tass\u00e9 et Pierre Lemay, ajoutent de la percussion et l&rsquo;arriv\u00e9e du luthier Marc Beneteau \u00e0 Ottawa me donne la chance de jouer et enregistrer avec un guitariste inspir\u00e9. Les pi\u00e8ces voyagent entre des p\u00f4les \u00e0 contresens, de la paix de <em>Respire<\/em> et <em>Tendresse<\/em>, au d\u00e9lire de <em>Vortex<\/em> et <em>Sens unique<\/em>. J&rsquo;ai rencontr\u00e9 mon \u00e9pouse Hilde, qui vient de la Norv\u00e8ge, vingt-trois ans apr\u00e8s avoir compos\u00e9 <em>Fleur du Nord<\/em>. <em>T\u00f4t ce matin<\/em> est la premi\u00e8re de mes nombreuses pi\u00e8ces qui chantent les joies de la nature.<\/p>\n<p>Musique et arrangements, guitare et banjo: Richard A. S\u00e9guin<\/p>\n<p>Guitares additionnelles: Marc B\u00e9n\u00e9teau<br \/>\nGrelots, cloches \u00e0 vache et papier sabl\u00e9: Roch Tass\u00e9 et Pierre Lemay<br \/>\nDirection de l\u2019\u00e9quipe technique: Jean Laporte<br \/>\nPrise de son: Bernie Choquette<br \/>\nProduction: Cin\u00e9sources 10<br \/>\nDistribution: Centre La Ste-Famille<br \/>\nEnregistrement: Whirlwind Sound et Studio Marc, Ottawa<br \/>\nIllustrations: Jean-Emmanuel Allard<\/p>\n<p>1. Parapluie<br \/>\n2. Les derniers \u00e0 partir<br \/>\n3. Vortex<br \/>\n4. Respire<br \/>\n5. Quand j\u2019\u00e9tais petit<br \/>\n6. La pr\u00e9sence<br \/>\n7. Rumeurs dans la basse-cour<br \/>\n8. Choc acoustic<br \/>\n9. Le trac<br \/>\n10. Morph\u00e9e<br \/>\n11. Fleur du nord<br \/>\n12. Tendresse<br \/>\n13. Sens unique<br \/>\n14. T\u00f4t ce matin<\/p>\n<p>Pour se procurer <em>Rumeurs dans la basse-cour<\/em>, contacter <a href=\"http:\/\/pentafolio.com\/fr\/joindre.html\" target=\"_blank\">Pentafolio inc.<\/a><\/p>\n","protected":false},"excerpt":{"rendered":"<p>Nous sommes \u00e9lev\u00e9s par la participation de Manu (Jean-Emmanuel Allard) et ses plumes magiques, qui nous offre une pochette exceptionnelle, pleine de surprises \u00e0 l&rsquo;int\u00e9rieur. Deux amis, Roch Tass\u00e9 et Pierre Lemay, ajoutent de la percussion et l&rsquo;arriv\u00e9e du luthier Marc Beneteau \u00e0 Ottawa me donne la chance de jouer et enregistrer avec un guitariste [&hellip;]<\/p>\n","protected":false},"author":1,"featured_media":0,"parent":906,"menu_order":5,"comment_status":"closed","ping_status":"closed","template":"page_static.php","meta":{"footnotes":""},"_links":{"self":[{"href":"https:\/\/richardaseguin.com\/fra\/index.php?rest_route=\/wp\/v2\/pages\/909"}],"collection":[{"href":"https:\/\/richardaseguin.com\/fra\/index.php?rest_route=\/wp\/v2\/pages"}],"about":[{"href":"https:\/\/richardaseguin.com\/fra\/index.php?rest_route=\/wp\/v2\/types\/page"}],"author":[{"embeddable":true,"href":"https:\/\/richardaseguin.com\/fra\/index.php?rest_route=\/wp\/v2\/users\/1"}],"replies":[{"embeddable":true,"href":"https:\/\/richardaseguin.com\/fra\/index.php?rest_route=%2Fwp%2Fv2%2Fcomments&post=909"}],"version-history":[{"count":0,"href":"https:\/\/richardaseguin.com\/fra\/index.php?rest_route=\/wp\/v2\/pages\/909\/revisions"}],"up":[{"embeddable":true,"href":"https:\/\/richardaseguin.com\/fra\/index.php?rest_route=\/wp\/v2\/pages\/906"}],"wp:attachment":[{"href":"https:\/\/richardaseguin.com\/fra\/index.php?rest_route=%2Fwp%2Fv2%2Fmedia&parent=909"}],"curies":[{"name":"wp","href":"https:\/\/api.w.org\/{rel}","templated":true}]}}