{"id":910,"date":"2009-11-19T09:33:17","date_gmt":"2009-11-19T14:33:17","guid":{"rendered":"http:\/\/richardaseguin.com\/fra\/?page_id=29"},"modified":"2009-11-19T09:33:17","modified_gmt":"2009-11-19T14:33:17","slug":"premiere-chute","status":"publish","type":"page","link":"https:\/\/richardaseguin.com\/fra\/?page_id=910","title":{"rendered":"Premi\u00e8re chute"},"content":{"rendered":"<p><a href=\"http:\/\/richardaseguin.com\/fra\/wp-content\/uploads\/2009\/11\/prem-chute_600recto.jpg\" target=\"_blank\"><img loading=\"lazy\" decoding=\"async\" class=\"alignright size-full wp-image-68\" style=\"margin: 0px 0px 10px 20px;\" title=\"Premi\u00e8re chute recto\" src=\"http:\/\/richardaseguin.com\/fra\/wp-content\/uploads\/2009\/11\/prem-chute_200recto.jpg\" alt=\"Premi\u00e8re chute recto\" width=\"206\" height=\"200\" \/><\/a><\/p>\n<p>Nous \u00e9tions jeunes, fiers d&rsquo;\u00eatre franco-ontariens et ent\u00eat\u00e9s de tout faire nous-m\u00eames. Je descends \u00e0 Montr\u00e9al avec Jean-Pierre et nous revenons avec une bobine qui contient une journ\u00e9e au soleil \u00e0 faire les foins chez Marius Labr\u00e8che (<em>La mont\u00e9e chez Marius<\/em>), la menace d&rsquo;une perte de tradition et d&rsquo;identit\u00e9 (<em>Le violon dans le grenier<\/em>) et les myst\u00e8res sacr\u00e9s de la nuit, la pluie et le noir. La pi\u00e8ce <em>Fille de Canaan<\/em> est une premi\u00e8re r\u00e9f\u00e9rence \u00e0 Prescott-Russell, un sujet r\u00e9current. L&rsquo;album devient un projet communautaire, la pochette produite par les jeunes du centre culturel La Ste-Famille, le tout vendu dans un sac de jute s\u00e9rigraphi\u00e9 encore \u00e0 La Ste-Famille et cousu \u00e0 temps perdu par les dames de Rockland.<\/p>\n<p>Radio-Canada a produit une \u00e9mission de sa superbe s\u00e9rie \u00abVillages et visages\u00bb sur Rockland en 1976, o\u00f9 vous pouvez m&rsquo;entendre jouer <em>Premi\u00e8re chute<\/em>, <em>La roue<\/em> et <em>Presque piano<\/em>. \u00c9galement, l&rsquo;Office nationale du film a produit en 1977 le cout m\u00e9trage \u00abViens-t&rsquo;en danser\u00bb sur la foire d&rsquo;Embrun de 1975. Je figure parmi les artistes qui s&rsquo;y sont produits. On peut \u00e9galement voir Pierre Lemay, qui jouera de la percussion sur mon 2e disque, ainsi que Jean-Pierre B\u00e9land, qui a toujours produit ma musique.<\/p>\n<p>Musique et guitare: Richard A. S\u00e9guin<\/p>\n<p>Production: Cin\u00e9sources 10<br \/>\nDistribution: Centre La Ste-Famille<br \/>\nEnregistrement: Bobinason, Montr\u00e9al<br \/>\nPhotographie: Jean-Pierre B\u00e9land<br \/>\nGraphisme: Alain Gratton<\/p>\n<p>1. Premi\u00e8re Chute<a href=\"http:\/\/richardaseguin.com\/fra\/wp-content\/uploads\/2009\/11\/prem-chute_600verso.jpg\" target=\"_blank\"><img loading=\"lazy\" decoding=\"async\" class=\"size-full wp-image-69 alignright\" style=\"margin: 0px 0px 0px 20px;\" title=\"Premi\u00e8re chute verso\" src=\"http:\/\/richardaseguin.com\/fra\/wp-content\/uploads\/2009\/11\/prem-chute_200verso.jpg\" alt=\"Premi\u00e8re chute verso\" width=\"206\" height=\"200\" \/><\/a><br \/>\n2. Quand viendra la nuit<br \/>\n3. Une pluie de dur\u00e9e<br \/>\n4. Par la voix des airs<br \/>\n5. Le violon dans le grenier<br \/>\n6. La mont\u00e9e chez Marius<br \/>\n7. Fille de Canaan<br \/>\n8. Noir<br \/>\n9. La roue<br \/>\n10. Presque piano<br \/>\n11. La decision est prise<\/p>\n<p>Pour se procurer <em>Premi\u00e8re chute<\/em>, contacter <a href=\"http:\/\/pentafolio.com\/fr\/joindre.html\" target=\"_blank\">Pentafolio inc.<\/a><\/p>\n","protected":false},"excerpt":{"rendered":"<p>Nous \u00e9tions jeunes, fiers d&rsquo;\u00eatre franco-ontariens et ent\u00eat\u00e9s de tout faire nous-m\u00eames. Je descends \u00e0 Montr\u00e9al avec Jean-Pierre et nous revenons avec une bobine qui contient une journ\u00e9e au soleil \u00e0 faire les foins chez Marius Labr\u00e8che (La mont\u00e9e chez Marius), la menace d&rsquo;une perte de tradition et d&rsquo;identit\u00e9 (Le violon dans le grenier) et [&hellip;]<\/p>\n","protected":false},"author":1,"featured_media":0,"parent":906,"menu_order":6,"comment_status":"closed","ping_status":"closed","template":"page_static.php","meta":{"footnotes":""},"_links":{"self":[{"href":"https:\/\/richardaseguin.com\/fra\/index.php?rest_route=\/wp\/v2\/pages\/910"}],"collection":[{"href":"https:\/\/richardaseguin.com\/fra\/index.php?rest_route=\/wp\/v2\/pages"}],"about":[{"href":"https:\/\/richardaseguin.com\/fra\/index.php?rest_route=\/wp\/v2\/types\/page"}],"author":[{"embeddable":true,"href":"https:\/\/richardaseguin.com\/fra\/index.php?rest_route=\/wp\/v2\/users\/1"}],"replies":[{"embeddable":true,"href":"https:\/\/richardaseguin.com\/fra\/index.php?rest_route=%2Fwp%2Fv2%2Fcomments&post=910"}],"version-history":[{"count":0,"href":"https:\/\/richardaseguin.com\/fra\/index.php?rest_route=\/wp\/v2\/pages\/910\/revisions"}],"up":[{"embeddable":true,"href":"https:\/\/richardaseguin.com\/fra\/index.php?rest_route=\/wp\/v2\/pages\/906"}],"wp:attachment":[{"href":"https:\/\/richardaseguin.com\/fra\/index.php?rest_route=%2Fwp%2Fv2%2Fmedia&parent=910"}],"curies":[{"name":"wp","href":"https:\/\/api.w.org\/{rel}","templated":true}]}}